{"id":6,"date":"2021-06-07T02:01:45","date_gmt":"2021-06-07T02:01:45","guid":{"rendered":"http:\/\/ucc.unisri.ac.id\/?page_id=6"},"modified":"2024-01-10T12:27:04","modified_gmt":"2024-01-10T05:27:04","slug":"beranda","status":"publish","type":"page","link":"https:\/\/ucc.unisri.ac.id\/","title":{"rendered":"Beranda"},"content":{"rendered":"<div style=\"display: none;\"><a title=\"ankara escort\" href=\"http:\/\/ankararus.net\">ankara escort<\/a><br \/><a title=\"\u00e7ankaya escort\" href=\"http:\/\/telekiznumaralari.com\">\u00e7ankaya escort<\/a><br \/><a title=\"ankara escort\" href=\"http:\/\/www.forumzevk.com\">ankara escort<\/a><br \/><a title=\"ankara escort\" href=\"http:\/\/escort-models.mobi\">\u00e7ankaya escort<\/a><br \/><a title=\"escort ankara\" href=\"http:\/\/ankararus.net\">escort ankara<\/a><br \/><a title=\"\u00e7ankaya escort\" href=\"http:\/\/ankararus.net\">\u00e7ankaya escort<\/a><br \/><a title=\"escort bayan \u00e7ankaya\" href=\"http:\/\/telekiznumaralari.com\">escort bayan \u00e7ankaya<\/a><br \/><a title=\"istanbul rus escort\" href=\"http:\/\/www.istanbulruseskort.com\">istanbul rus escort<\/a><br \/><a title=\"eryaman escort\" href=\"http:\/\/www.eryamaneskortlar.com\">eryaman escort<\/a><br \/><a title=\"escort bayan ankara\" href=\"http:\/\/ankararus.net\">escort bayan ankara<\/a><br \/><a title=\"ankara escort\" href=\"http:\/\/telekiznumaralari.com\">ankara escort<\/a><br \/><a title=\"ankara escort\" href=\"http:\/\/www.hungthinh434.com\">k\u0131z\u0131lay escort<\/a><br \/><a title=\"istanbul escort\" href=\"http:\/\/www.daidalosestate.com\">istanbul escort<\/a><br \/><a title=\"ankara escort\" href=\"http:\/\/www.degisiklink.com\/\">ankara escort<\/a><br \/><a title=\"ankara rus escort\" href=\"http:\/\/ankararus.net\">ankara rus escort<\/a><br \/><a title=\"escort \u00e7ankaya\" href=\"http:\/\/telekiznumaralari.com\">escort \u00e7ankaya<\/a><br \/><a title=\"ankara escort bayan\" href=\"http:\/\/ankararus.net\">ankara escort bayan<\/a><br \/><a title=\"istanbul rus escort\" href=\"http:\/\/www.istanbulruseskort.com\">istanbul rus Escort<\/a><br \/><a title=\"istanbul atasehir escort\" href=\"http:\/\/www.istanbulescortnet.com\">atasehir Escort<\/a><br \/><a title=\"beylikduzu escort\" href=\"http:\/\/www.escortbayanvitrini.com\">beylikduzu Escort<\/a><br \/><a title=\"Ankara escort\" href=\"http:\/\/www.serverprobot.com\">Ankara Escort<\/a><br \/><a title=\"malatya escort\" href=\"http:\/\/www.retrojordantrade.com\">malatya Escort<\/a><br \/><a title=\"ku\u015fadas\u0131 escort\" href=\"http:\/\/www.pkwmusic.com\">ku\u015fadas\u0131 Escort<\/a><br \/><a title=\"antep escort\" href=\"http:\/\/www.bayanescortilayda.com\">gaziantep Escort<\/a><br \/><a title=\"izmir escort\" href=\"http:\/\/www.izmirilanlari.com\">izmir Escort<\/a><\/div>\n\n\n<figure class=\"wp-block-image size-full is-resized\"><img loading=\"lazy\" decoding=\"async\" src=\"https:\/\/ucc.unisri.ac.id\/wp-content\/uploads\/2024\/01\/UNISRI.jpg\" alt=\"\" class=\"wp-image-1135\" width=\"839\" height=\"472\"\/><figcaption class=\"wp-element-caption\">Universitas Slamet Riyadi Surakarta<\/figcaption><\/figure>\n\n\n\n<p class=\"has-text-align-center has-text-color has-background\" style=\"color:#1c14b1;background-color:#49c9c2;font-size:19px;font-style:normal;font-weight:800;text-decoration:none;text-transform:uppercase\"><strong>UNIT PELAYANAN TEKNIS UNIVERSITAS SLAMET RIYADI CAREER CENTER<\/strong><\/p>\n\n\n\n<p class=\"has-text-align-center has-text-color has-background has-medium-font-size\" style=\"color:#1c14b1;background-color:#49c9c3\"><strong>(UPT. UNISRI CAREER CENTER)<\/strong><\/p>\n\n\n\n<p style=\"font-size:15px\">Keberadaan pusat karir di perguruan tinggi sangat diperlukan karena dapat membantu para lulusan memperoleh lapangan pekerjaan yang dibekali dengan keterampilan tertentu sehingga tidak menambah beban permasalahan pengangguran di Indonesia. Dengan kata lain, paling tidak Universitas Slamet Riyadi telah membantu menyiapkan para lulusannya dalam menghadapi dunia kerja. Sebuah harapan dan terobosan yang ingin diraih adalah seluruh lulusan Universitas Slamet Riyadi tidak mengalami kendala dalam mencari dan memasuki dunia kerja. Sesuai surat DIKTI Nomor B\/286\/B.B3\/KM.11.00\/2019 bahwa pusat karir sangat signifikan untuk didirikan di perguruan tinggi. Berdasarkan hal tersebut, pada tahun 2019 Universitas Slamet Riyadi secara resmi mendirikan pusat karir yang diberi nama Unit Pelayanan Teknis Universitas Slamet Riyadi Career Center disingkat UPT. UCC. Juga Universitas Slamet Riyadi telah terdaftar di Dinas Tenaga Kerja dan Perindustrian kota Surakarta berdasarkan peraturan Menteri Ketenagakerjaan Nomor 39 tahun 2016 tentang penempatan tenaga kerja, terdaftar sebagai BKK Universitas Slamet Riyadi Nomor: 562\/2834\/VI\/2019.<\/p>\n\n\n\n<ul class=\"wp-block-list\"><\/ul>\n\n\n\n<h2 class=\"has-text-color wp-block-heading\" style=\"color:#1c14b1\">Visi<\/h2>\n\n\n\n<p style=\"font-size:15px\">Menjadi pusat pembinaan dan pengembangan karir mahasiswa dan lulusan yang inovatif, adaptif, dan responsif terhadap dunia kerja, dunia usaha dan dunia industri di era digital.<\/p>\n\n\n\n<h2 class=\"has-text-color wp-block-heading\" style=\"color:#1c14b1\">Misi<\/h2>\n\n\n\n<ol class=\"wp-block-list\" type=\"1\" style=\"font-size:15px\">\n<li>Meningkatkan kualitas SDM mahasiswa dan lulusan melalui pelatihan pengembangan kepribadian, pelatihan tenaga kerja mandiri, seminar, workshop, dan lokakarya.<\/li>\n\n\n\n<li>Mengelola dan mencari informasi ketenagakerjaan untuk memenuhi&nbsp;kebutuhan mahasiswa dan lulusan.<\/li>\n\n\n\n<li>Memediasi kelancaran bertemunya mahasiswa dan lulusan dengan DUDI dan institusi baik pemerintah maupun swasta yang membutuhkan tenaga kerja.<\/li>\n\n\n\n<li>Membuka konsultasi dan bimbingan&nbsp;pengembangan diri bagi mahasiswa dan alumni untuk memasuki dunia kerja.<\/li>\n\n\n\n<li>Membangun jejaring kerjasama yang saling menguntungkan dengan dunia kerja.<\/li>\n<\/ol>\n\n\n\n<div class=\"wp-block-group\"><div class=\"wp-block-group__inner-container is-layout-constrained wp-block-group-is-layout-constrained\">\n<div class=\"wp-block-columns is-layout-flex wp-container-core-columns-is-layout-9d6595d7 wp-block-columns-is-layout-flex\">\n<div class=\"wp-block-column is-layout-flow wp-block-column-is-layout-flow\" style=\"font-size:15px\">\n<h2 class=\"has-text-color wp-block-heading\" style=\"color:#1c14b1\">TUJUAN<\/h2>\n\n\n\n<ol class=\"wp-block-list\" type=\"1\">\n<li>Melaksanakan rekrutmen kampus (<em>campus recruitment<\/em>\/<em>campus hiring<\/em>) bagi lembaga atau instansi yang membutuhkan tenaga kerja.<\/li>\n\n\n\n<li>Menyediakan layanan konsultasi dan bimbingan karir bagi mahasiswa dan lulusan dalam menghadapi pasar kerja.<\/li>\n\n\n\n<li>Meningkatkan keterserapan lulusan unisri dalam dunia kerja dengan masa tunggu yang relatif pendek dalam memperoleh pekerjaan.<\/li>\n\n\n\n<li>Melatih mahasiswa dan lulusan untuk menciptakan lapangan kerja secara mandiri.<\/li>\n\n\n\n<li>Menyediakan berbagai program pelatihan dalam upaya meningkatkan kapasitas dan kualitas sumberdaya mahasiswa dan lulusan.<\/li>\n\n\n\n<li>Menjadi mediator antara para pencari kerja dengan perusahaan, instansi dan industri yang sedang membutuhkan tenaga kerja<\/li>\n<\/ol>\n<\/div>\n\n\n\n<div class=\"wp-block-column is-layout-flow wp-block-column-is-layout-flow\" style=\"font-size:15px\">\n<h2 class=\"has-text-color wp-block-heading\" style=\"color:#1c14b1\">TUGAS POKOK DAN FUNGSI<\/h2>\n\n\n\n<ol class=\"wp-block-list\" type=\"1\">\n<li>Mengetahui posisi lulusan yang telah terserap dalam dunia kerja.<\/li>\n\n\n\n<li>Menyiapkan lulusan sesuai dengan kompetensi yang diperlukan dunia kerja.<\/li>\n\n\n\n<li>Mengetahui keselarasan vertikal dan keselarasan horisontal lulusan.<\/li>\n\n\n\n<li>Memberikan informasi (umpan balik) bagi peningkatan kualitas dan relevansi institusi Universitas Slamet Riyadi.<\/li>\n\n\n\n<li>Menyiapkan data untuk kebijakan institusi Universitas Slamet Riyadi dan mendukung pembangunan nasional.<\/li>\n\n\n\n<li>Menjembatani kebutuhan informasi dunia kerja yang diperlukan oleh institusi Universitas Slamet Riyadi guna menjawab tantangan dunia kerja.<\/li>\n<\/ol>\n<\/div>\n<\/div>\n<\/div><\/div>\n\n\n\n<div class=\"wp-block-columns is-layout-flex wp-container-core-columns-is-layout-9d6595d7 wp-block-columns-is-layout-flex\">\n<div class=\"wp-block-column is-layout-flow wp-block-column-is-layout-flow\" style=\"font-size:15px\">\n<h2 class=\"has-text-color wp-block-heading\" style=\"color:#1c14b1\">TANGGUNGJAWAB<\/h2>\n\n\n\n<ol class=\"wp-block-list\" type=\"1\">\n<li>Membantu para lulusan memperoleh lapangan kerja dengan dibekali keterampilan tertentu sehingga tidak menambah beban permasalahan pengangguran yang berasal dari lulusan unisri.<\/li>\n\n\n\n<li>Secara kontinu membantu menyiapkan para lulusan dalam menghadapi dunia kerja.<\/li>\n\n\n\n<li>Mempunyai tanggunggjawab moral dalam menjamin lulusan cepat memperoleh pekerjaan.<\/li>\n<\/ol>\n<\/div>\n\n\n\n<div class=\"wp-block-column is-layout-flow wp-block-column-is-layout-flow\" style=\"font-size:15px\">\n<h2 class=\"has-text-color wp-block-heading\" style=\"color:#1c14b1\">PROGRAM KEGIATAN<\/h2>\n\n\n\n<ol class=\"wp-block-list\" type=\"1\">\n<li>Pelatihan karir dan <em>softskills.<\/em><\/li>\n\n\n\n<li>Memfasilitasi proses pemagangan\/<em>internship.<\/em><\/li>\n\n\n\n<li>Menyediakan informasi karir, pencarian kerja, dan pelamaran kerja secara online.<\/li>\n\n\n\n<li>Bekerjasama dengan Dunia Usaha Dunia Industri (DUDI) dalam aktifitas di kampus (<em>Company Branding, Company Week, Career Information Session<\/em>, dll).<\/li>\n\n\n\n<li>Pameran bursa kerja\/<em>Job fair <\/em>(offline maupun online).<\/li>\n\n\n\n<li>Rekrutmen kampus (<em>campus recruitment <\/em>\/ <em>campus hiring<\/em>).<\/li>\n\n\n\n<li>Konseling karir.<\/li>\n\n\n\n<li><em>Tracer Study <\/em>dan <em>User Survey<\/em>.<\/li>\n\n\n\n<li>Kewirausahaan untuk mencetak tenaga kerja mandiri.<\/li>\n\n\n\n<li>Memfasilitasi kegiatan dan peran alumni terhadap kampus melalui organisasi Ganisri.<\/li>\n<\/ol>\n<\/div>\n<\/div>\n","protected":false},"excerpt":{"rendered":"<p>ankara escort\u00e7ankaya escortankara escort\u00e7ankaya escortescort ankara\u00e7ankaya escortescort bayan \u00e7ankayaistanbul rus escorteryaman escortescort bayan ankaraankara escortk\u0131z\u0131lay escortistanbul escortankara escortankara rus escortescort \u00e7ankayaankara escort bayanistanbul rus Escortatasehir Escortbeylikduzu EscortAnkara Escortmalatya Escortku\u015fadas\u0131 Escortgaziantep Escortizmir Escort UNIT PELAYANAN TEKNIS UNIVERSITAS SLAMET RIYADI CAREER CENTER (UPT. UNISRI CAREER CENTER) Keberadaan pusat karir di perguruan tinggi sangat diperlukan karena dapat membantu&hellip;<\/p>\n","protected":false},"author":1,"featured_media":0,"parent":0,"menu_order":0,"comment_status":"closed","ping_status":"closed","template":"","meta":{"footnotes":""},"class_list":["post-6","page","type-page","status-publish","hentry"],"aioseo_notices":[],"_links":{"self":[{"href":"https:\/\/ucc.unisri.ac.id\/index.php\/wp-json\/wp\/v2\/pages\/6","targetHints":{"allow":["GET"]}}],"collection":[{"href":"https:\/\/ucc.unisri.ac.id\/index.php\/wp-json\/wp\/v2\/pages"}],"about":[{"href":"https:\/\/ucc.unisri.ac.id\/index.php\/wp-json\/wp\/v2\/types\/page"}],"author":[{"embeddable":true,"href":"https:\/\/ucc.unisri.ac.id\/index.php\/wp-json\/wp\/v2\/users\/1"}],"replies":[{"embeddable":true,"href":"https:\/\/ucc.unisri.ac.id\/index.php\/wp-json\/wp\/v2\/comments?post=6"}],"version-history":[{"count":7,"href":"https:\/\/ucc.unisri.ac.id\/index.php\/wp-json\/wp\/v2\/pages\/6\/revisions"}],"predecessor-version":[{"id":1137,"href":"https:\/\/ucc.unisri.ac.id\/index.php\/wp-json\/wp\/v2\/pages\/6\/revisions\/1137"}],"wp:attachment":[{"href":"https:\/\/ucc.unisri.ac.id\/index.php\/wp-json\/wp\/v2\/media?parent=6"}],"curies":[{"name":"wp","href":"https:\/\/api.w.org\/{rel}","templated":true}]}}